{"id":2859,"date":"2021-08-17T18:19:19","date_gmt":"2021-08-17T18:19:19","guid":{"rendered":"http:\/\/www.johnson-metall.com\/?page_id=2859"},"modified":"2025-10-01T09:15:02","modified_gmt":"2025-10-01T09:15:02","slug":"kvalitet-og-miljoe","status":"publish","type":"page","link":"https:\/\/www.johnson-metall.com\/da\/kvalitet-og-miljoe\/","title":{"rendered":"Kvalitet og milj\u00f8"},"content":{"rendered":"","protected":false},"excerpt":{"rendered":"<p>Vores m\u00e5l er altid at leve op til de krav og forventninger, der stilles til vores produkter og serviceydelser. Derudover arbejder vi aktivt for en b\u00e6redygtig virksomhed med lav milj\u00f8p\u00e5virkning. Vi er certificeret i henhold til ISO 9001\/14001.<br \/>\n [&#8230;]<\/p>\n<p><a class=\"btn btn-secondary understrap-read-more-link\" href=\"https:\/\/www.johnson-metall.com\/da\/kvalitet-og-miljoe\/\">Read More&#8230;<\/a><\/p>\n","protected":false},"author":1,"featured_media":2789,"parent":0,"menu_order":0,"comment_status":"closed","ping_status":"closed","template":"","meta":{"_acf_changed":false,"wp_mapbox_gl_js_media":[],"footnotes":""},"class_list":["post-2859","page","type-page","status-publish","has-post-thumbnail","hentry"],"acf":[],"yoast_head":"<!-- This site is optimized with the Yoast SEO plugin v27.1.1 - https:\/\/yoast.com\/product\/yoast-seo-wordpress\/ -->\n<title>Kvalitet og milj\u00f8 - Johnson Metal<\/title>\n<meta name=\"description\" content=\"Vores m\u00e5l er altid at leve op til de krav og forventninger, der stilles til vores produkter og serviceydelser.\" \/>\n<meta name=\"robots\" content=\"index, follow, max-snippet:-1, max-image-preview:large, max-video-preview:-1\" \/>\n<link rel=\"canonical\" href=\"https:\/\/www.johnson-metall.com\/da\/kvalitet-og-miljoe\/\" \/>\n<meta property=\"og:locale\" content=\"da_DK\" \/>\n<meta property=\"og:type\" content=\"article\" \/>\n<meta property=\"og:title\" content=\"Kvalitet og milj\u00f8 - Johnson Metal\" \/>\n<meta property=\"og:description\" content=\"Vores m\u00e5l er altid at leve op til de krav og forventninger, der stilles til vores produkter og serviceydelser.\" \/>\n<meta property=\"og:url\" content=\"https:\/\/www.johnson-metall.com\/da\/kvalitet-og-miljoe\/\" \/>\n<meta property=\"og:site_name\" content=\"Johnson Metall\" \/>\n<meta property=\"article:modified_time\" content=\"2025-10-01T09:15:02+00:00\" \/>\n<meta property=\"og:image\" content=\"https:\/\/www.johnson-metall.com\/wp-content\/uploads\/2020\/04\/shutterstock_1084374194_2-1.png\" \/>\n\t<meta property=\"og:image:width\" content=\"729\" \/>\n\t<meta property=\"og:image:height\" content=\"603\" \/>\n\t<meta property=\"og:image:type\" content=\"image\/png\" \/>\n<meta name=\"twitter:card\" content=\"summary_large_image\" \/>\n<meta name=\"twitter:label1\" content=\"Estimeret l\u00e6setid\" \/>\n\t<meta name=\"twitter:data1\" content=\"4 minutter\" \/>\n<script type=\"application\/ld+json\" class=\"yoast-schema-graph\">{\"@context\":\"https:\/\/schema.org\",\"@graph\":[{\"@type\":\"WebPage\",\"@id\":\"https:\/\/www.johnson-metall.com\/da\/kvalitet-og-miljoe\/\",\"url\":\"https:\/\/www.johnson-metall.com\/da\/kvalitet-og-miljoe\/\",\"name\":\"Kvalitet og milj\u00f8 - Johnson Metal\",\"isPartOf\":{\"@id\":\"https:\/\/www.johnson-metall.com\/da\/#website\"},\"primaryImageOfPage\":{\"@id\":\"https:\/\/www.johnson-metall.com\/da\/kvalitet-og-miljoe\/#primaryimage\"},\"image\":{\"@id\":\"https:\/\/www.johnson-metall.com\/da\/kvalitet-og-miljoe\/#primaryimage\"},\"thumbnailUrl\":\"https:\/\/www.johnson-metall.com\/wp-content\/uploads\/2020\/04\/shutterstock_1084374194_2-1.png\",\"datePublished\":\"2021-08-17T18:19:19+00:00\",\"dateModified\":\"2025-10-01T09:15:02+00:00\",\"description\":\"Vores m\u00e5l er altid at leve op til de krav og forventninger, der stilles til vores produkter og serviceydelser.\",\"breadcrumb\":{\"@id\":\"https:\/\/www.johnson-metall.com\/da\/kvalitet-og-miljoe\/#breadcrumb\"},\"inLanguage\":\"da-DK\",\"potentialAction\":[{\"@type\":\"ReadAction\",\"target\":[\"https:\/\/www.johnson-metall.com\/da\/kvalitet-og-miljoe\/\"]}]},{\"@type\":\"ImageObject\",\"inLanguage\":\"da-DK\",\"@id\":\"https:\/\/www.johnson-metall.com\/da\/kvalitet-og-miljoe\/#primaryimage\",\"url\":\"https:\/\/www.johnson-metall.com\/wp-content\/uploads\/2020\/04\/shutterstock_1084374194_2-1.png\",\"contentUrl\":\"https:\/\/www.johnson-metall.com\/wp-content\/uploads\/2020\/04\/shutterstock_1084374194_2-1.png\",\"width\":729,\"height\":603,\"caption\":\"h\u00e5llbar framtid\"},{\"@type\":\"BreadcrumbList\",\"@id\":\"https:\/\/www.johnson-metall.com\/da\/kvalitet-og-miljoe\/#breadcrumb\",\"itemListElement\":[{\"@type\":\"ListItem\",\"position\":1,\"name\":\"Hem\",\"item\":\"https:\/\/www.johnson-metall.com\/da\/\"},{\"@type\":\"ListItem\",\"position\":2,\"name\":\"Kvalitet og milj\u00f8\"}]},{\"@type\":\"WebSite\",\"@id\":\"https:\/\/www.johnson-metall.com\/da\/#website\",\"url\":\"https:\/\/www.johnson-metall.com\/da\/\",\"name\":\"Johnson Metall\",\"description\":\"\",\"potentialAction\":[{\"@type\":\"SearchAction\",\"target\":{\"@type\":\"EntryPoint\",\"urlTemplate\":\"https:\/\/www.johnson-metall.com\/da\/?s={search_term_string}\"},\"query-input\":{\"@type\":\"PropertyValueSpecification\",\"valueRequired\":true,\"valueName\":\"search_term_string\"}}],\"inLanguage\":\"da-DK\"}]}<\/script>\n<!-- \/ Yoast SEO plugin. -->","yoast_head_json":{"title":"Kvalitet og milj\u00f8 - Johnson Metal","description":"Vores m\u00e5l er altid at leve op til de krav og forventninger, der stilles til vores produkter og serviceydelser.","robots":{"index":"index","follow":"follow","max-snippet":"max-snippet:-1","max-image-preview":"max-image-preview:large","max-video-preview":"max-video-preview:-1"},"canonical":"https:\/\/www.johnson-metall.com\/da\/kvalitet-og-miljoe\/","og_locale":"da_DK","og_type":"article","og_title":"Kvalitet og milj\u00f8 - Johnson Metal","og_description":"Vores m\u00e5l er altid at leve op til de krav og forventninger, der stilles til vores produkter og serviceydelser.","og_url":"https:\/\/www.johnson-metall.com\/da\/kvalitet-og-miljoe\/","og_site_name":"Johnson Metall","article_modified_time":"2025-10-01T09:15:02+00:00","og_image":[{"width":729,"height":603,"url":"https:\/\/www.johnson-metall.com\/wp-content\/uploads\/2020\/04\/shutterstock_1084374194_2-1.png","type":"image\/png"}],"twitter_card":"summary_large_image","twitter_misc":{"Estimeret l\u00e6setid":"4 minutter"},"schema":{"@context":"https:\/\/schema.org","@graph":[{"@type":"WebPage","@id":"https:\/\/www.johnson-metall.com\/da\/kvalitet-og-miljoe\/","url":"https:\/\/www.johnson-metall.com\/da\/kvalitet-og-miljoe\/","name":"Kvalitet og milj\u00f8 - Johnson Metal","isPartOf":{"@id":"https:\/\/www.johnson-metall.com\/da\/#website"},"primaryImageOfPage":{"@id":"https:\/\/www.johnson-metall.com\/da\/kvalitet-og-miljoe\/#primaryimage"},"image":{"@id":"https:\/\/www.johnson-metall.com\/da\/kvalitet-og-miljoe\/#primaryimage"},"thumbnailUrl":"https:\/\/www.johnson-metall.com\/wp-content\/uploads\/2020\/04\/shutterstock_1084374194_2-1.png","datePublished":"2021-08-17T18:19:19+00:00","dateModified":"2025-10-01T09:15:02+00:00","description":"Vores m\u00e5l er altid at leve op til de krav og forventninger, der stilles til vores produkter og serviceydelser.","breadcrumb":{"@id":"https:\/\/www.johnson-metall.com\/da\/kvalitet-og-miljoe\/#breadcrumb"},"inLanguage":"da-DK","potentialAction":[{"@type":"ReadAction","target":["https:\/\/www.johnson-metall.com\/da\/kvalitet-og-miljoe\/"]}]},{"@type":"ImageObject","inLanguage":"da-DK","@id":"https:\/\/www.johnson-metall.com\/da\/kvalitet-og-miljoe\/#primaryimage","url":"https:\/\/www.johnson-metall.com\/wp-content\/uploads\/2020\/04\/shutterstock_1084374194_2-1.png","contentUrl":"https:\/\/www.johnson-metall.com\/wp-content\/uploads\/2020\/04\/shutterstock_1084374194_2-1.png","width":729,"height":603,"caption":"h\u00e5llbar framtid"},{"@type":"BreadcrumbList","@id":"https:\/\/www.johnson-metall.com\/da\/kvalitet-og-miljoe\/#breadcrumb","itemListElement":[{"@type":"ListItem","position":1,"name":"Hem","item":"https:\/\/www.johnson-metall.com\/da\/"},{"@type":"ListItem","position":2,"name":"Kvalitet og milj\u00f8"}]},{"@type":"WebSite","@id":"https:\/\/www.johnson-metall.com\/da\/#website","url":"https:\/\/www.johnson-metall.com\/da\/","name":"Johnson Metall","description":"","potentialAction":[{"@type":"SearchAction","target":{"@type":"EntryPoint","urlTemplate":"https:\/\/www.johnson-metall.com\/da\/?s={search_term_string}"},"query-input":{"@type":"PropertyValueSpecification","valueRequired":true,"valueName":"search_term_string"}}],"inLanguage":"da-DK"}]}},"_links":{"self":[{"href":"https:\/\/www.johnson-metall.com\/da\/wp-json\/wp\/v2\/pages\/2859","targetHints":{"allow":["GET"]}}],"collection":[{"href":"https:\/\/www.johnson-metall.com\/da\/wp-json\/wp\/v2\/pages"}],"about":[{"href":"https:\/\/www.johnson-metall.com\/da\/wp-json\/wp\/v2\/types\/page"}],"author":[{"embeddable":true,"href":"https:\/\/www.johnson-metall.com\/da\/wp-json\/wp\/v2\/users\/1"}],"replies":[{"embeddable":true,"href":"https:\/\/www.johnson-metall.com\/da\/wp-json\/wp\/v2\/comments?post=2859"}],"version-history":[{"count":7,"href":"https:\/\/www.johnson-metall.com\/da\/wp-json\/wp\/v2\/pages\/2859\/revisions"}],"predecessor-version":[{"id":10429,"href":"https:\/\/www.johnson-metall.com\/da\/wp-json\/wp\/v2\/pages\/2859\/revisions\/10429"}],"wp:featuredmedia":[{"embeddable":true,"href":"https:\/\/www.johnson-metall.com\/da\/wp-json\/wp\/v2\/media\/2789"}],"wp:attachment":[{"href":"https:\/\/www.johnson-metall.com\/da\/wp-json\/wp\/v2\/media?parent=2859"}],"curies":[{"name":"wp","href":"https:\/\/api.w.org\/{rel}","templated":true}]}}