{"id":3125,"date":"2021-09-02T06:35:01","date_gmt":"2021-09-02T06:35:01","guid":{"rendered":"https:\/\/www.johnson-metall.com\/?page_id=3125"},"modified":"2022-01-25T12:21:27","modified_gmt":"2022-01-25T12:21:27","slug":"lagerforte-produkter","status":"publish","type":"page","link":"https:\/\/www.johnson-metall.com\/no\/lagerforte-produkter\/","title":{"rendered":"Lagerf\u00f8rte produkter"},"content":{"rendered":"","protected":false},"excerpt":{"rendered":"<p>For forsendelse fra oss innen 24 timer. [&#8230;]<\/p>\n<p><a class=\"btn btn-secondary understrap-read-more-link\" href=\"https:\/\/www.johnson-metall.com\/no\/lagerforte-produkter\/\">Les mer&#8230;<\/a><\/p>\n","protected":false},"author":1,"featured_media":3127,"parent":0,"menu_order":0,"comment_status":"closed","ping_status":"closed","template":"","meta":{"_acf_changed":false,"wp_mapbox_gl_js_media":[],"footnotes":""},"class_list":["post-3125","page","type-page","status-publish","has-post-thumbnail","hentry"],"acf":[],"yoast_head":"<!-- This site is optimized with the Yoast SEO plugin v27.1.1 - https:\/\/yoast.com\/product\/yoast-seo-wordpress\/ -->\n<title>St\u00f8pte emner og glidelager - Nordens st\u00f8rste lager - Johnson Metall<\/title>\n<meta name=\"description\" content=\"Nordens st\u00f8rste lager av st\u00f8pte emner og glidelagerfor levering fra v\u00e5rt lager innen 24 timer. les mer p\u00e5 v\u00e5r nettside.\" \/>\n<meta name=\"robots\" content=\"index, follow, max-snippet:-1, max-image-preview:large, max-video-preview:-1\" \/>\n<link rel=\"canonical\" href=\"https:\/\/www.johnson-metall.com\/no\/lagerforte-produkter\/\" \/>\n<meta property=\"og:locale\" content=\"nb_NO\" \/>\n<meta property=\"og:type\" content=\"article\" \/>\n<meta property=\"og:title\" content=\"St\u00f8pte emner og glidelager - Nordens st\u00f8rste lager - Johnson Metall\" \/>\n<meta property=\"og:description\" content=\"Nordens st\u00f8rste lager av st\u00f8pte emner og glidelagerfor levering fra v\u00e5rt lager innen 24 timer. les mer p\u00e5 v\u00e5r nettside.\" \/>\n<meta property=\"og:url\" content=\"https:\/\/www.johnson-metall.com\/no\/lagerforte-produkter\/\" \/>\n<meta property=\"og:site_name\" content=\"Johnson Metall\" \/>\n<meta property=\"article:modified_time\" content=\"2022-01-25T12:21:27+00:00\" \/>\n<meta property=\"og:image\" content=\"https:\/\/www.johnson-metall.com\/wp-content\/uploads\/2021\/04\/CGB11.jpg\" \/>\n\t<meta property=\"og:image:width\" content=\"1506\" \/>\n\t<meta property=\"og:image:height\" content=\"791\" \/>\n\t<meta property=\"og:image:type\" content=\"image\/jpeg\" \/>\n<meta name=\"twitter:card\" content=\"summary_large_image\" \/>\n<script type=\"application\/ld+json\" class=\"yoast-schema-graph\">{\"@context\":\"https:\/\/schema.org\",\"@graph\":[{\"@type\":\"WebPage\",\"@id\":\"https:\/\/www.johnson-metall.com\/no\/lagerforte-produkter\/\",\"url\":\"https:\/\/www.johnson-metall.com\/no\/lagerforte-produkter\/\",\"name\":\"St\u00f8pte emner og glidelager - Nordens st\u00f8rste lager - Johnson Metall\",\"isPartOf\":{\"@id\":\"https:\/\/www.johnson-metall.com\/da\/#website\"},\"primaryImageOfPage\":{\"@id\":\"https:\/\/www.johnson-metall.com\/no\/lagerforte-produkter\/#primaryimage\"},\"image\":{\"@id\":\"https:\/\/www.johnson-metall.com\/no\/lagerforte-produkter\/#primaryimage\"},\"thumbnailUrl\":\"https:\/\/www.johnson-metall.com\/wp-content\/uploads\/2021\/04\/CGB11.jpg\",\"datePublished\":\"2021-09-02T06:35:01+00:00\",\"dateModified\":\"2022-01-25T12:21:27+00:00\",\"description\":\"Nordens st\u00f8rste lager av st\u00f8pte emner og glidelagerfor levering fra v\u00e5rt lager innen 24 timer. les mer p\u00e5 v\u00e5r nettside.\",\"breadcrumb\":{\"@id\":\"https:\/\/www.johnson-metall.com\/no\/lagerforte-produkter\/#breadcrumb\"},\"inLanguage\":\"nb-NO\",\"potentialAction\":[{\"@type\":\"ReadAction\",\"target\":[\"https:\/\/www.johnson-metall.com\/no\/lagerforte-produkter\/\"]}]},{\"@type\":\"ImageObject\",\"inLanguage\":\"nb-NO\",\"@id\":\"https:\/\/www.johnson-metall.com\/no\/lagerforte-produkter\/#primaryimage\",\"url\":\"https:\/\/www.johnson-metall.com\/wp-content\/uploads\/2021\/04\/CGB11.jpg\",\"contentUrl\":\"https:\/\/www.johnson-metall.com\/wp-content\/uploads\/2021\/04\/CGB11.jpg\",\"width\":1506,\"height\":791,\"caption\":\"gjutna \u00e4mnen och glidlager\"},{\"@type\":\"BreadcrumbList\",\"@id\":\"https:\/\/www.johnson-metall.com\/no\/lagerforte-produkter\/#breadcrumb\",\"itemListElement\":[{\"@type\":\"ListItem\",\"position\":1,\"name\":\"Hem\",\"item\":\"https:\/\/www.johnson-metall.com\/no\/\"},{\"@type\":\"ListItem\",\"position\":2,\"name\":\"Lagerf\u00f8rte produkter\"}]},{\"@type\":\"WebSite\",\"@id\":\"https:\/\/www.johnson-metall.com\/da\/#website\",\"url\":\"https:\/\/www.johnson-metall.com\/da\/\",\"name\":\"Johnson Metall\",\"description\":\"\",\"potentialAction\":[{\"@type\":\"SearchAction\",\"target\":{\"@type\":\"EntryPoint\",\"urlTemplate\":\"https:\/\/www.johnson-metall.com\/da\/?s={search_term_string}\"},\"query-input\":{\"@type\":\"PropertyValueSpecification\",\"valueRequired\":true,\"valueName\":\"search_term_string\"}}],\"inLanguage\":\"nb-NO\"}]}<\/script>\n<!-- \/ Yoast SEO plugin. -->","yoast_head_json":{"title":"St\u00f8pte emner og glidelager - Nordens st\u00f8rste lager - Johnson Metall","description":"Nordens st\u00f8rste lager av st\u00f8pte emner og glidelagerfor levering fra v\u00e5rt lager innen 24 timer. les mer p\u00e5 v\u00e5r nettside.","robots":{"index":"index","follow":"follow","max-snippet":"max-snippet:-1","max-image-preview":"max-image-preview:large","max-video-preview":"max-video-preview:-1"},"canonical":"https:\/\/www.johnson-metall.com\/no\/lagerforte-produkter\/","og_locale":"nb_NO","og_type":"article","og_title":"St\u00f8pte emner og glidelager - Nordens st\u00f8rste lager - Johnson Metall","og_description":"Nordens st\u00f8rste lager av st\u00f8pte emner og glidelagerfor levering fra v\u00e5rt lager innen 24 timer. les mer p\u00e5 v\u00e5r nettside.","og_url":"https:\/\/www.johnson-metall.com\/no\/lagerforte-produkter\/","og_site_name":"Johnson Metall","article_modified_time":"2022-01-25T12:21:27+00:00","og_image":[{"width":1506,"height":791,"url":"https:\/\/www.johnson-metall.com\/wp-content\/uploads\/2021\/04\/CGB11.jpg","type":"image\/jpeg"}],"twitter_card":"summary_large_image","schema":{"@context":"https:\/\/schema.org","@graph":[{"@type":"WebPage","@id":"https:\/\/www.johnson-metall.com\/no\/lagerforte-produkter\/","url":"https:\/\/www.johnson-metall.com\/no\/lagerforte-produkter\/","name":"St\u00f8pte emner og glidelager - Nordens st\u00f8rste lager - Johnson Metall","isPartOf":{"@id":"https:\/\/www.johnson-metall.com\/da\/#website"},"primaryImageOfPage":{"@id":"https:\/\/www.johnson-metall.com\/no\/lagerforte-produkter\/#primaryimage"},"image":{"@id":"https:\/\/www.johnson-metall.com\/no\/lagerforte-produkter\/#primaryimage"},"thumbnailUrl":"https:\/\/www.johnson-metall.com\/wp-content\/uploads\/2021\/04\/CGB11.jpg","datePublished":"2021-09-02T06:35:01+00:00","dateModified":"2022-01-25T12:21:27+00:00","description":"Nordens st\u00f8rste lager av st\u00f8pte emner og glidelagerfor levering fra v\u00e5rt lager innen 24 timer. les mer p\u00e5 v\u00e5r nettside.","breadcrumb":{"@id":"https:\/\/www.johnson-metall.com\/no\/lagerforte-produkter\/#breadcrumb"},"inLanguage":"nb-NO","potentialAction":[{"@type":"ReadAction","target":["https:\/\/www.johnson-metall.com\/no\/lagerforte-produkter\/"]}]},{"@type":"ImageObject","inLanguage":"nb-NO","@id":"https:\/\/www.johnson-metall.com\/no\/lagerforte-produkter\/#primaryimage","url":"https:\/\/www.johnson-metall.com\/wp-content\/uploads\/2021\/04\/CGB11.jpg","contentUrl":"https:\/\/www.johnson-metall.com\/wp-content\/uploads\/2021\/04\/CGB11.jpg","width":1506,"height":791,"caption":"gjutna \u00e4mnen och glidlager"},{"@type":"BreadcrumbList","@id":"https:\/\/www.johnson-metall.com\/no\/lagerforte-produkter\/#breadcrumb","itemListElement":[{"@type":"ListItem","position":1,"name":"Hem","item":"https:\/\/www.johnson-metall.com\/no\/"},{"@type":"ListItem","position":2,"name":"Lagerf\u00f8rte produkter"}]},{"@type":"WebSite","@id":"https:\/\/www.johnson-metall.com\/da\/#website","url":"https:\/\/www.johnson-metall.com\/da\/","name":"Johnson Metall","description":"","potentialAction":[{"@type":"SearchAction","target":{"@type":"EntryPoint","urlTemplate":"https:\/\/www.johnson-metall.com\/da\/?s={search_term_string}"},"query-input":{"@type":"PropertyValueSpecification","valueRequired":true,"valueName":"search_term_string"}}],"inLanguage":"nb-NO"}]}},"_links":{"self":[{"href":"https:\/\/www.johnson-metall.com\/no\/wp-json\/wp\/v2\/pages\/3125","targetHints":{"allow":["GET"]}}],"collection":[{"href":"https:\/\/www.johnson-metall.com\/no\/wp-json\/wp\/v2\/pages"}],"about":[{"href":"https:\/\/www.johnson-metall.com\/no\/wp-json\/wp\/v2\/types\/page"}],"author":[{"embeddable":true,"href":"https:\/\/www.johnson-metall.com\/no\/wp-json\/wp\/v2\/users\/1"}],"replies":[{"embeddable":true,"href":"https:\/\/www.johnson-metall.com\/no\/wp-json\/wp\/v2\/comments?post=3125"}],"version-history":[{"count":2,"href":"https:\/\/www.johnson-metall.com\/no\/wp-json\/wp\/v2\/pages\/3125\/revisions"}],"predecessor-version":[{"id":4214,"href":"https:\/\/www.johnson-metall.com\/no\/wp-json\/wp\/v2\/pages\/3125\/revisions\/4214"}],"wp:featuredmedia":[{"embeddable":true,"href":"https:\/\/www.johnson-metall.com\/no\/wp-json\/wp\/v2\/media\/3127"}],"wp:attachment":[{"href":"https:\/\/www.johnson-metall.com\/no\/wp-json\/wp\/v2\/media?parent=3125"}],"curies":[{"name":"wp","href":"https:\/\/api.w.org\/{rel}","templated":true}]}}