{"id":3148,"date":"2021-09-02T06:36:32","date_gmt":"2021-09-02T06:36:32","guid":{"rendered":"https:\/\/www.johnson-metall.com\/?page_id=3148"},"modified":"2022-01-25T14:47:15","modified_gmt":"2022-01-25T14:47:15","slug":"visjon-og-forretningside","status":"publish","type":"page","link":"https:\/\/www.johnson-metall.com\/no\/visjon-og-forretningside\/","title":{"rendered":"Visjon og forretningsid\u00e9"},"content":{"rendered":"","protected":false},"excerpt":{"rendered":"<p>Vi er Nordens ledende produsent av st\u00f8pte og bearbeidede produkter i bronse for industrielle applikasjoner. Vi tilbyr et omfattende sortiment med alt fra lagerf\u00f8rte standardprodukter til spesialproduserte detaljer. V\u00e5r visjon er \u00e5 v\u00e6re deres selvsagte valg som leverand\u00f8r. [&#8230;]<\/p>\n<p><a class=\"btn btn-secondary understrap-read-more-link\" href=\"https:\/\/www.johnson-metall.com\/no\/visjon-og-forretningside\/\">Les mer&#8230;<\/a><\/p>\n","protected":false},"author":1,"featured_media":3156,"parent":0,"menu_order":0,"comment_status":"closed","ping_status":"closed","template":"","meta":{"_acf_changed":false,"wp_mapbox_gl_js_media":[],"footnotes":""},"class_list":["post-3148","page","type-page","status-publish","has-post-thumbnail","hentry"],"acf":[],"yoast_head":"<!-- This site is optimized with the Yoast SEO plugin v27.1.1 - https:\/\/yoast.com\/product\/yoast-seo-wordpress\/ -->\n<title>Bronse - Nordens ledende produsent - Visjon og forretningsid\u00e9<\/title>\n<meta name=\"description\" content=\"Visjon og forretningsid\u00e9. Med markedets beste produkt- og servicekonsept skal vi v\u00e6re industriens \u201dFirst choice in bronze\u201d.\" \/>\n<meta name=\"robots\" content=\"index, follow, max-snippet:-1, max-image-preview:large, max-video-preview:-1\" \/>\n<link rel=\"canonical\" href=\"https:\/\/www.johnson-metall.com\/no\/visjon-og-forretningside\/\" \/>\n<meta property=\"og:locale\" content=\"nb_NO\" \/>\n<meta property=\"og:type\" content=\"article\" \/>\n<meta property=\"og:title\" content=\"Bronse - Nordens ledende produsent - Visjon og forretningsid\u00e9\" \/>\n<meta property=\"og:description\" content=\"Visjon og forretningsid\u00e9. Med markedets beste produkt- og servicekonsept skal vi v\u00e6re industriens \u201dFirst choice in bronze\u201d.\" \/>\n<meta property=\"og:url\" content=\"https:\/\/www.johnson-metall.com\/no\/visjon-og-forretningside\/\" \/>\n<meta property=\"og:site_name\" content=\"Johnson Metall\" \/>\n<meta property=\"article:modified_time\" content=\"2022-01-25T14:47:15+00:00\" \/>\n<meta property=\"og:image\" content=\"https:\/\/www.johnson-metall.com\/wp-content\/uploads\/2021\/04\/twocolleaguesdiscussingdataworkingandtabletlaptopwithon.jpg\" \/>\n\t<meta property=\"og:image:width\" content=\"2560\" \/>\n\t<meta property=\"og:image:height\" content=\"1706\" \/>\n\t<meta property=\"og:image:type\" content=\"image\/jpeg\" \/>\n<meta name=\"twitter:card\" content=\"summary_large_image\" \/>\n<script type=\"application\/ld+json\" class=\"yoast-schema-graph\">{\"@context\":\"https:\/\/schema.org\",\"@graph\":[{\"@type\":\"WebPage\",\"@id\":\"https:\/\/www.johnson-metall.com\/no\/visjon-og-forretningside\/\",\"url\":\"https:\/\/www.johnson-metall.com\/no\/visjon-og-forretningside\/\",\"name\":\"Bronse - Nordens ledende produsent - Visjon og forretningsid\u00e9\",\"isPartOf\":{\"@id\":\"https:\/\/www.johnson-metall.com\/#website\"},\"primaryImageOfPage\":{\"@id\":\"https:\/\/www.johnson-metall.com\/no\/visjon-og-forretningside\/#primaryimage\"},\"image\":{\"@id\":\"https:\/\/www.johnson-metall.com\/no\/visjon-og-forretningside\/#primaryimage\"},\"thumbnailUrl\":\"https:\/\/www.johnson-metall.com\/wp-content\/uploads\/2021\/04\/twocolleaguesdiscussingdataworkingandtabletlaptopwithon.jpg\",\"datePublished\":\"2021-09-02T06:36:32+00:00\",\"dateModified\":\"2022-01-25T14:47:15+00:00\",\"description\":\"Visjon og forretningsid\u00e9. Med markedets beste produkt- og servicekonsept skal vi v\u00e6re industriens \u201dFirst choice in bronze\u201d.\",\"breadcrumb\":{\"@id\":\"https:\/\/www.johnson-metall.com\/no\/visjon-og-forretningside\/#breadcrumb\"},\"inLanguage\":\"nb-NO\",\"potentialAction\":[{\"@type\":\"ReadAction\",\"target\":[\"https:\/\/www.johnson-metall.com\/no\/visjon-og-forretningside\/\"]}]},{\"@type\":\"ImageObject\",\"inLanguage\":\"nb-NO\",\"@id\":\"https:\/\/www.johnson-metall.com\/no\/visjon-og-forretningside\/#primaryimage\",\"url\":\"https:\/\/www.johnson-metall.com\/wp-content\/uploads\/2021\/04\/twocolleaguesdiscussingdataworkingandtabletlaptopwithon.jpg\",\"contentUrl\":\"https:\/\/www.johnson-metall.com\/wp-content\/uploads\/2021\/04\/twocolleaguesdiscussingdataworkingandtabletlaptopwithon.jpg\",\"width\":2560,\"height\":1706,\"caption\":\"v\u00e5r vision\"},{\"@type\":\"BreadcrumbList\",\"@id\":\"https:\/\/www.johnson-metall.com\/no\/visjon-og-forretningside\/#breadcrumb\",\"itemListElement\":[{\"@type\":\"ListItem\",\"position\":1,\"name\":\"Hem\",\"item\":\"https:\/\/www.johnson-metall.com\/no\/\"},{\"@type\":\"ListItem\",\"position\":2,\"name\":\"Visjon og forretningsid\u00e9\"}]},{\"@type\":\"WebSite\",\"@id\":\"https:\/\/www.johnson-metall.com\/#website\",\"url\":\"https:\/\/www.johnson-metall.com\/\",\"name\":\"Johnson Metall\",\"description\":\"\",\"potentialAction\":[{\"@type\":\"SearchAction\",\"target\":{\"@type\":\"EntryPoint\",\"urlTemplate\":\"https:\/\/www.johnson-metall.com\/?s={search_term_string}\"},\"query-input\":{\"@type\":\"PropertyValueSpecification\",\"valueRequired\":true,\"valueName\":\"search_term_string\"}}],\"inLanguage\":\"nb-NO\"}]}<\/script>\n<!-- \/ Yoast SEO plugin. -->","yoast_head_json":{"title":"Bronse - Nordens ledende produsent - Visjon og forretningsid\u00e9","description":"Visjon og forretningsid\u00e9. Med markedets beste produkt- og servicekonsept skal vi v\u00e6re industriens \u201dFirst choice in bronze\u201d.","robots":{"index":"index","follow":"follow","max-snippet":"max-snippet:-1","max-image-preview":"max-image-preview:large","max-video-preview":"max-video-preview:-1"},"canonical":"https:\/\/www.johnson-metall.com\/no\/visjon-og-forretningside\/","og_locale":"nb_NO","og_type":"article","og_title":"Bronse - Nordens ledende produsent - Visjon og forretningsid\u00e9","og_description":"Visjon og forretningsid\u00e9. Med markedets beste produkt- og servicekonsept skal vi v\u00e6re industriens \u201dFirst choice in bronze\u201d.","og_url":"https:\/\/www.johnson-metall.com\/no\/visjon-og-forretningside\/","og_site_name":"Johnson Metall","article_modified_time":"2022-01-25T14:47:15+00:00","og_image":[{"width":2560,"height":1706,"url":"https:\/\/www.johnson-metall.com\/wp-content\/uploads\/2021\/04\/twocolleaguesdiscussingdataworkingandtabletlaptopwithon.jpg","type":"image\/jpeg"}],"twitter_card":"summary_large_image","schema":{"@context":"https:\/\/schema.org","@graph":[{"@type":"WebPage","@id":"https:\/\/www.johnson-metall.com\/no\/visjon-og-forretningside\/","url":"https:\/\/www.johnson-metall.com\/no\/visjon-og-forretningside\/","name":"Bronse - Nordens ledende produsent - Visjon og forretningsid\u00e9","isPartOf":{"@id":"https:\/\/www.johnson-metall.com\/#website"},"primaryImageOfPage":{"@id":"https:\/\/www.johnson-metall.com\/no\/visjon-og-forretningside\/#primaryimage"},"image":{"@id":"https:\/\/www.johnson-metall.com\/no\/visjon-og-forretningside\/#primaryimage"},"thumbnailUrl":"https:\/\/www.johnson-metall.com\/wp-content\/uploads\/2021\/04\/twocolleaguesdiscussingdataworkingandtabletlaptopwithon.jpg","datePublished":"2021-09-02T06:36:32+00:00","dateModified":"2022-01-25T14:47:15+00:00","description":"Visjon og forretningsid\u00e9. Med markedets beste produkt- og servicekonsept skal vi v\u00e6re industriens \u201dFirst choice in bronze\u201d.","breadcrumb":{"@id":"https:\/\/www.johnson-metall.com\/no\/visjon-og-forretningside\/#breadcrumb"},"inLanguage":"nb-NO","potentialAction":[{"@type":"ReadAction","target":["https:\/\/www.johnson-metall.com\/no\/visjon-og-forretningside\/"]}]},{"@type":"ImageObject","inLanguage":"nb-NO","@id":"https:\/\/www.johnson-metall.com\/no\/visjon-og-forretningside\/#primaryimage","url":"https:\/\/www.johnson-metall.com\/wp-content\/uploads\/2021\/04\/twocolleaguesdiscussingdataworkingandtabletlaptopwithon.jpg","contentUrl":"https:\/\/www.johnson-metall.com\/wp-content\/uploads\/2021\/04\/twocolleaguesdiscussingdataworkingandtabletlaptopwithon.jpg","width":2560,"height":1706,"caption":"v\u00e5r vision"},{"@type":"BreadcrumbList","@id":"https:\/\/www.johnson-metall.com\/no\/visjon-og-forretningside\/#breadcrumb","itemListElement":[{"@type":"ListItem","position":1,"name":"Hem","item":"https:\/\/www.johnson-metall.com\/no\/"},{"@type":"ListItem","position":2,"name":"Visjon og forretningsid\u00e9"}]},{"@type":"WebSite","@id":"https:\/\/www.johnson-metall.com\/#website","url":"https:\/\/www.johnson-metall.com\/","name":"Johnson Metall","description":"","potentialAction":[{"@type":"SearchAction","target":{"@type":"EntryPoint","urlTemplate":"https:\/\/www.johnson-metall.com\/?s={search_term_string}"},"query-input":{"@type":"PropertyValueSpecification","valueRequired":true,"valueName":"search_term_string"}}],"inLanguage":"nb-NO"}]}},"_links":{"self":[{"href":"https:\/\/www.johnson-metall.com\/no\/wp-json\/wp\/v2\/pages\/3148","targetHints":{"allow":["GET"]}}],"collection":[{"href":"https:\/\/www.johnson-metall.com\/no\/wp-json\/wp\/v2\/pages"}],"about":[{"href":"https:\/\/www.johnson-metall.com\/no\/wp-json\/wp\/v2\/types\/page"}],"author":[{"embeddable":true,"href":"https:\/\/www.johnson-metall.com\/no\/wp-json\/wp\/v2\/users\/1"}],"replies":[{"embeddable":true,"href":"https:\/\/www.johnson-metall.com\/no\/wp-json\/wp\/v2\/comments?post=3148"}],"version-history":[{"count":6,"href":"https:\/\/www.johnson-metall.com\/no\/wp-json\/wp\/v2\/pages\/3148\/revisions"}],"predecessor-version":[{"id":4241,"href":"https:\/\/www.johnson-metall.com\/no\/wp-json\/wp\/v2\/pages\/3148\/revisions\/4241"}],"wp:featuredmedia":[{"embeddable":true,"href":"https:\/\/www.johnson-metall.com\/no\/wp-json\/wp\/v2\/media\/3156"}],"wp:attachment":[{"href":"https:\/\/www.johnson-metall.com\/no\/wp-json\/wp\/v2\/media?parent=3148"}],"curies":[{"name":"wp","href":"https:\/\/api.w.org\/{rel}","templated":true}]}}