{"id":3165,"date":"2021-09-02T06:34:56","date_gmt":"2021-09-02T06:34:56","guid":{"rendered":"https:\/\/www.johnson-metall.com\/?page_id=3165"},"modified":"2025-10-01T09:09:24","modified_gmt":"2025-10-01T09:09:24","slug":"kvalitet-og-miljo","status":"publish","type":"page","link":"https:\/\/www.johnson-metall.com\/no\/kvalitet-og-miljo\/","title":{"rendered":"Kvalitet og milj\u00f8"},"content":{"rendered":"","protected":false},"excerpt":{"rendered":"<p>V\u00e5rt m\u00e5l er \u00e5 leve opp til de krav og forventninger som stilles til v\u00e5re produkter og tjenester og vi arbeider aktivt for en b\u00e6rekraftig virksomhet med liten milj\u00f8p\u00e5virkning. Vi er sertifisert i henhold til ISO 9001\/14001. [&#8230;]<\/p>\n<p><a class=\"btn btn-secondary understrap-read-more-link\" href=\"https:\/\/www.johnson-metall.com\/no\/kvalitet-og-miljo\/\">Les mer&#8230;<\/a><\/p>\n","protected":false},"author":1,"featured_media":3062,"parent":0,"menu_order":0,"comment_status":"closed","ping_status":"closed","template":"","meta":{"_acf_changed":false,"wp_mapbox_gl_js_media":[],"footnotes":""},"class_list":["post-3165","page","type-page","status-publish","has-post-thumbnail","hentry"],"acf":[],"yoast_head":"<!-- This site is optimized with the Yoast SEO plugin v27.1.1 - https:\/\/yoast.com\/product\/yoast-seo-wordpress\/ -->\n<title>Kvalitet og milj\u00f8 - Johnson Metall<\/title>\n<meta name=\"description\" content=\"Kvalitet og milj\u00f8 \u2013 Johnson Metall skal levere produkter og tjenester som m\u00f8ter eller overg\u00e5r v\u00e5re kunders krav og forventninger.\" \/>\n<meta name=\"robots\" content=\"index, follow, max-snippet:-1, max-image-preview:large, max-video-preview:-1\" \/>\n<link rel=\"canonical\" href=\"https:\/\/www.johnson-metall.com\/no\/kvalitet-og-miljo\/\" \/>\n<meta property=\"og:locale\" content=\"nb_NO\" \/>\n<meta property=\"og:type\" content=\"article\" \/>\n<meta property=\"og:title\" content=\"Kvalitet og milj\u00f8 - Johnson Metall\" \/>\n<meta property=\"og:description\" content=\"Kvalitet og milj\u00f8 \u2013 Johnson Metall skal levere produkter og tjenester som m\u00f8ter eller overg\u00e5r v\u00e5re kunders krav og forventninger.\" \/>\n<meta property=\"og:url\" content=\"https:\/\/www.johnson-metall.com\/no\/kvalitet-og-miljo\/\" \/>\n<meta property=\"og:site_name\" content=\"Johnson Metall\" \/>\n<meta property=\"article:modified_time\" content=\"2025-10-01T09:09:24+00:00\" \/>\n<meta property=\"og:image\" content=\"https:\/\/www.johnson-metall.com\/wp-content\/uploads\/2020\/04\/shutterstock_1084374194_2-1.png\" \/>\n\t<meta property=\"og:image:width\" content=\"729\" \/>\n\t<meta property=\"og:image:height\" content=\"603\" \/>\n\t<meta property=\"og:image:type\" content=\"image\/png\" \/>\n<meta name=\"twitter:card\" content=\"summary_large_image\" \/>\n<meta name=\"twitter:label1\" content=\"Ansl. lesetid\" \/>\n\t<meta name=\"twitter:data1\" content=\"4 minutter\" \/>\n<script type=\"application\/ld+json\" class=\"yoast-schema-graph\">{\"@context\":\"https:\/\/schema.org\",\"@graph\":[{\"@type\":\"WebPage\",\"@id\":\"https:\/\/www.johnson-metall.com\/no\/kvalitet-og-miljo\/\",\"url\":\"https:\/\/www.johnson-metall.com\/no\/kvalitet-og-miljo\/\",\"name\":\"Kvalitet og milj\u00f8 - Johnson Metall\",\"isPartOf\":{\"@id\":\"https:\/\/www.johnson-metall.com\/da\/#website\"},\"primaryImageOfPage\":{\"@id\":\"https:\/\/www.johnson-metall.com\/no\/kvalitet-og-miljo\/#primaryimage\"},\"image\":{\"@id\":\"https:\/\/www.johnson-metall.com\/no\/kvalitet-og-miljo\/#primaryimage\"},\"thumbnailUrl\":\"https:\/\/www.johnson-metall.com\/wp-content\/uploads\/2020\/04\/shutterstock_1084374194_2-1.png\",\"datePublished\":\"2021-09-02T06:34:56+00:00\",\"dateModified\":\"2025-10-01T09:09:24+00:00\",\"description\":\"Kvalitet og milj\u00f8 \u2013 Johnson Metall skal levere produkter og tjenester som m\u00f8ter eller overg\u00e5r v\u00e5re kunders krav og forventninger.\",\"breadcrumb\":{\"@id\":\"https:\/\/www.johnson-metall.com\/no\/kvalitet-og-miljo\/#breadcrumb\"},\"inLanguage\":\"nb-NO\",\"potentialAction\":[{\"@type\":\"ReadAction\",\"target\":[\"https:\/\/www.johnson-metall.com\/no\/kvalitet-og-miljo\/\"]}]},{\"@type\":\"ImageObject\",\"inLanguage\":\"nb-NO\",\"@id\":\"https:\/\/www.johnson-metall.com\/no\/kvalitet-og-miljo\/#primaryimage\",\"url\":\"https:\/\/www.johnson-metall.com\/wp-content\/uploads\/2020\/04\/shutterstock_1084374194_2-1.png\",\"contentUrl\":\"https:\/\/www.johnson-metall.com\/wp-content\/uploads\/2020\/04\/shutterstock_1084374194_2-1.png\",\"width\":729,\"height\":603,\"caption\":\"h\u00e5llbar framtid\"},{\"@type\":\"BreadcrumbList\",\"@id\":\"https:\/\/www.johnson-metall.com\/no\/kvalitet-og-miljo\/#breadcrumb\",\"itemListElement\":[{\"@type\":\"ListItem\",\"position\":1,\"name\":\"Hem\",\"item\":\"https:\/\/www.johnson-metall.com\/no\/\"},{\"@type\":\"ListItem\",\"position\":2,\"name\":\"Kvalitet og milj\u00f8\"}]},{\"@type\":\"WebSite\",\"@id\":\"https:\/\/www.johnson-metall.com\/da\/#website\",\"url\":\"https:\/\/www.johnson-metall.com\/da\/\",\"name\":\"Johnson Metall\",\"description\":\"\",\"potentialAction\":[{\"@type\":\"SearchAction\",\"target\":{\"@type\":\"EntryPoint\",\"urlTemplate\":\"https:\/\/www.johnson-metall.com\/da\/?s={search_term_string}\"},\"query-input\":{\"@type\":\"PropertyValueSpecification\",\"valueRequired\":true,\"valueName\":\"search_term_string\"}}],\"inLanguage\":\"nb-NO\"}]}<\/script>\n<!-- \/ Yoast SEO plugin. -->","yoast_head_json":{"title":"Kvalitet og milj\u00f8 - Johnson Metall","description":"Kvalitet og milj\u00f8 \u2013 Johnson Metall skal levere produkter og tjenester som m\u00f8ter eller overg\u00e5r v\u00e5re kunders krav og forventninger.","robots":{"index":"index","follow":"follow","max-snippet":"max-snippet:-1","max-image-preview":"max-image-preview:large","max-video-preview":"max-video-preview:-1"},"canonical":"https:\/\/www.johnson-metall.com\/no\/kvalitet-og-miljo\/","og_locale":"nb_NO","og_type":"article","og_title":"Kvalitet og milj\u00f8 - Johnson Metall","og_description":"Kvalitet og milj\u00f8 \u2013 Johnson Metall skal levere produkter og tjenester som m\u00f8ter eller overg\u00e5r v\u00e5re kunders krav og forventninger.","og_url":"https:\/\/www.johnson-metall.com\/no\/kvalitet-og-miljo\/","og_site_name":"Johnson Metall","article_modified_time":"2025-10-01T09:09:24+00:00","og_image":[{"width":729,"height":603,"url":"https:\/\/www.johnson-metall.com\/wp-content\/uploads\/2020\/04\/shutterstock_1084374194_2-1.png","type":"image\/png"}],"twitter_card":"summary_large_image","twitter_misc":{"Ansl. lesetid":"4 minutter"},"schema":{"@context":"https:\/\/schema.org","@graph":[{"@type":"WebPage","@id":"https:\/\/www.johnson-metall.com\/no\/kvalitet-og-miljo\/","url":"https:\/\/www.johnson-metall.com\/no\/kvalitet-og-miljo\/","name":"Kvalitet og milj\u00f8 - Johnson Metall","isPartOf":{"@id":"https:\/\/www.johnson-metall.com\/da\/#website"},"primaryImageOfPage":{"@id":"https:\/\/www.johnson-metall.com\/no\/kvalitet-og-miljo\/#primaryimage"},"image":{"@id":"https:\/\/www.johnson-metall.com\/no\/kvalitet-og-miljo\/#primaryimage"},"thumbnailUrl":"https:\/\/www.johnson-metall.com\/wp-content\/uploads\/2020\/04\/shutterstock_1084374194_2-1.png","datePublished":"2021-09-02T06:34:56+00:00","dateModified":"2025-10-01T09:09:24+00:00","description":"Kvalitet og milj\u00f8 \u2013 Johnson Metall skal levere produkter og tjenester som m\u00f8ter eller overg\u00e5r v\u00e5re kunders krav og forventninger.","breadcrumb":{"@id":"https:\/\/www.johnson-metall.com\/no\/kvalitet-og-miljo\/#breadcrumb"},"inLanguage":"nb-NO","potentialAction":[{"@type":"ReadAction","target":["https:\/\/www.johnson-metall.com\/no\/kvalitet-og-miljo\/"]}]},{"@type":"ImageObject","inLanguage":"nb-NO","@id":"https:\/\/www.johnson-metall.com\/no\/kvalitet-og-miljo\/#primaryimage","url":"https:\/\/www.johnson-metall.com\/wp-content\/uploads\/2020\/04\/shutterstock_1084374194_2-1.png","contentUrl":"https:\/\/www.johnson-metall.com\/wp-content\/uploads\/2020\/04\/shutterstock_1084374194_2-1.png","width":729,"height":603,"caption":"h\u00e5llbar framtid"},{"@type":"BreadcrumbList","@id":"https:\/\/www.johnson-metall.com\/no\/kvalitet-og-miljo\/#breadcrumb","itemListElement":[{"@type":"ListItem","position":1,"name":"Hem","item":"https:\/\/www.johnson-metall.com\/no\/"},{"@type":"ListItem","position":2,"name":"Kvalitet og milj\u00f8"}]},{"@type":"WebSite","@id":"https:\/\/www.johnson-metall.com\/da\/#website","url":"https:\/\/www.johnson-metall.com\/da\/","name":"Johnson Metall","description":"","potentialAction":[{"@type":"SearchAction","target":{"@type":"EntryPoint","urlTemplate":"https:\/\/www.johnson-metall.com\/da\/?s={search_term_string}"},"query-input":{"@type":"PropertyValueSpecification","valueRequired":true,"valueName":"search_term_string"}}],"inLanguage":"nb-NO"}]}},"_links":{"self":[{"href":"https:\/\/www.johnson-metall.com\/no\/wp-json\/wp\/v2\/pages\/3165","targetHints":{"allow":["GET"]}}],"collection":[{"href":"https:\/\/www.johnson-metall.com\/no\/wp-json\/wp\/v2\/pages"}],"about":[{"href":"https:\/\/www.johnson-metall.com\/no\/wp-json\/wp\/v2\/types\/page"}],"author":[{"embeddable":true,"href":"https:\/\/www.johnson-metall.com\/no\/wp-json\/wp\/v2\/users\/1"}],"replies":[{"embeddable":true,"href":"https:\/\/www.johnson-metall.com\/no\/wp-json\/wp\/v2\/comments?post=3165"}],"version-history":[{"count":11,"href":"https:\/\/www.johnson-metall.com\/no\/wp-json\/wp\/v2\/pages\/3165\/revisions"}],"predecessor-version":[{"id":10427,"href":"https:\/\/www.johnson-metall.com\/no\/wp-json\/wp\/v2\/pages\/3165\/revisions\/10427"}],"wp:featuredmedia":[{"embeddable":true,"href":"https:\/\/www.johnson-metall.com\/no\/wp-json\/wp\/v2\/media\/3062"}],"wp:attachment":[{"href":"https:\/\/www.johnson-metall.com\/no\/wp-json\/wp\/v2\/media?parent=3165"}],"curies":[{"name":"wp","href":"https:\/\/api.w.org\/{rel}","templated":true}]}}