{"id":3174,"date":"2021-09-02T06:34:42","date_gmt":"2021-09-02T06:34:42","guid":{"rendered":"https:\/\/www.johnson-metall.com\/?page_id=3174"},"modified":"2022-01-24T15:28:54","modified_gmt":"2022-01-24T15:28:54","slug":"historie","status":"publish","type":"page","link":"https:\/\/www.johnson-metall.com\/no\/historie\/","title":{"rendered":"Historie"},"content":{"rendered":"","protected":false},"excerpt":{"rendered":"<p>Johnson Metall har v\u00e6rt eksperter p\u00e5 bronse siden 1940 og ble grunnlagt i \u00d6rebro i Sverige. I dag er vi Nordens st\u00f8rste produsent av st\u00f8pegods og bearbeidede komponenter i bronse. [&#8230;]<\/p>\n<p><a class=\"btn btn-secondary understrap-read-more-link\" href=\"https:\/\/www.johnson-metall.com\/no\/historie\/\">Les mer&#8230;<\/a><\/p>\n","protected":false},"author":1,"featured_media":3064,"parent":0,"menu_order":0,"comment_status":"closed","ping_status":"closed","template":"","meta":{"_acf_changed":false,"wp_mapbox_gl_js_media":[],"footnotes":""},"class_list":["post-3174","page","type-page","status-publish","has-post-thumbnail","hentry"],"acf":[],"yoast_head":"<!-- This site is optimized with the Yoast SEO plugin v27.1.1 - https:\/\/yoast.com\/product\/yoast-seo-wordpress\/ -->\n<title>Eksperter p\u00e5 bronse siden 1940 - Johnson Metall<\/title>\n<meta name=\"description\" content=\"Vi har v\u00e6rt eksperter p\u00e5 bronse siden 1940. Fundamentet for v\u00e5r virksomhet er \u00e5 oppfylle dine krav og \u00f8nsker samt punktlige leveranser.\" \/>\n<meta name=\"robots\" content=\"index, follow, max-snippet:-1, max-image-preview:large, max-video-preview:-1\" \/>\n<link rel=\"canonical\" href=\"https:\/\/www.johnson-metall.com\/no\/historie\/\" \/>\n<meta property=\"og:locale\" content=\"nb_NO\" \/>\n<meta property=\"og:type\" content=\"article\" \/>\n<meta property=\"og:title\" content=\"Eksperter p\u00e5 bronse siden 1940 - Johnson Metall\" \/>\n<meta property=\"og:description\" content=\"Vi har v\u00e6rt eksperter p\u00e5 bronse siden 1940. Fundamentet for v\u00e5r virksomhet er \u00e5 oppfylle dine krav og \u00f8nsker samt punktlige leveranser.\" \/>\n<meta property=\"og:url\" content=\"https:\/\/www.johnson-metall.com\/no\/historie\/\" \/>\n<meta property=\"og:site_name\" content=\"Johnson Metall\" \/>\n<meta property=\"article:modified_time\" content=\"2022-01-24T15:28:54+00:00\" \/>\n<meta property=\"og:image\" content=\"https:\/\/www.johnson-metall.com\/wp-content\/uploads\/2020\/04\/Smart-vektorobjekt_76-1.png\" \/>\n\t<meta property=\"og:image:width\" content=\"1293\" \/>\n\t<meta property=\"og:image:height\" content=\"727\" \/>\n\t<meta property=\"og:image:type\" content=\"image\/png\" \/>\n<meta name=\"twitter:card\" content=\"summary_large_image\" \/>\n<script type=\"application\/ld+json\" class=\"yoast-schema-graph\">{\"@context\":\"https:\/\/schema.org\",\"@graph\":[{\"@type\":\"WebPage\",\"@id\":\"https:\/\/www.johnson-metall.com\/no\/historie\/\",\"url\":\"https:\/\/www.johnson-metall.com\/no\/historie\/\",\"name\":\"Eksperter p\u00e5 bronse siden 1940 - Johnson Metall\",\"isPartOf\":{\"@id\":\"https:\/\/www.johnson-metall.com\/#website\"},\"primaryImageOfPage\":{\"@id\":\"https:\/\/www.johnson-metall.com\/no\/historie\/#primaryimage\"},\"image\":{\"@id\":\"https:\/\/www.johnson-metall.com\/no\/historie\/#primaryimage\"},\"thumbnailUrl\":\"https:\/\/www.johnson-metall.com\/wp-content\/uploads\/2020\/04\/Smart-vektorobjekt_76-1.png\",\"datePublished\":\"2021-09-02T06:34:42+00:00\",\"dateModified\":\"2022-01-24T15:28:54+00:00\",\"description\":\"Vi har v\u00e6rt eksperter p\u00e5 bronse siden 1940. Fundamentet for v\u00e5r virksomhet er \u00e5 oppfylle dine krav og \u00f8nsker samt punktlige leveranser.\",\"breadcrumb\":{\"@id\":\"https:\/\/www.johnson-metall.com\/no\/historie\/#breadcrumb\"},\"inLanguage\":\"nb-NO\",\"potentialAction\":[{\"@type\":\"ReadAction\",\"target\":[\"https:\/\/www.johnson-metall.com\/no\/historie\/\"]}]},{\"@type\":\"ImageObject\",\"inLanguage\":\"nb-NO\",\"@id\":\"https:\/\/www.johnson-metall.com\/no\/historie\/#primaryimage\",\"url\":\"https:\/\/www.johnson-metall.com\/wp-content\/uploads\/2020\/04\/Smart-vektorobjekt_76-1.png\",\"contentUrl\":\"https:\/\/www.johnson-metall.com\/wp-content\/uploads\/2020\/04\/Smart-vektorobjekt_76-1.png\",\"width\":1293,\"height\":727,\"caption\":\"bronslegeringar\"},{\"@type\":\"BreadcrumbList\",\"@id\":\"https:\/\/www.johnson-metall.com\/no\/historie\/#breadcrumb\",\"itemListElement\":[{\"@type\":\"ListItem\",\"position\":1,\"name\":\"Hem\",\"item\":\"https:\/\/www.johnson-metall.com\/no\/\"},{\"@type\":\"ListItem\",\"position\":2,\"name\":\"Historie\"}]},{\"@type\":\"WebSite\",\"@id\":\"https:\/\/www.johnson-metall.com\/#website\",\"url\":\"https:\/\/www.johnson-metall.com\/\",\"name\":\"Johnson Metall\",\"description\":\"\",\"potentialAction\":[{\"@type\":\"SearchAction\",\"target\":{\"@type\":\"EntryPoint\",\"urlTemplate\":\"https:\/\/www.johnson-metall.com\/?s={search_term_string}\"},\"query-input\":{\"@type\":\"PropertyValueSpecification\",\"valueRequired\":true,\"valueName\":\"search_term_string\"}}],\"inLanguage\":\"nb-NO\"}]}<\/script>\n<!-- \/ Yoast SEO plugin. -->","yoast_head_json":{"title":"Eksperter p\u00e5 bronse siden 1940 - Johnson Metall","description":"Vi har v\u00e6rt eksperter p\u00e5 bronse siden 1940. Fundamentet for v\u00e5r virksomhet er \u00e5 oppfylle dine krav og \u00f8nsker samt punktlige leveranser.","robots":{"index":"index","follow":"follow","max-snippet":"max-snippet:-1","max-image-preview":"max-image-preview:large","max-video-preview":"max-video-preview:-1"},"canonical":"https:\/\/www.johnson-metall.com\/no\/historie\/","og_locale":"nb_NO","og_type":"article","og_title":"Eksperter p\u00e5 bronse siden 1940 - Johnson Metall","og_description":"Vi har v\u00e6rt eksperter p\u00e5 bronse siden 1940. Fundamentet for v\u00e5r virksomhet er \u00e5 oppfylle dine krav og \u00f8nsker samt punktlige leveranser.","og_url":"https:\/\/www.johnson-metall.com\/no\/historie\/","og_site_name":"Johnson Metall","article_modified_time":"2022-01-24T15:28:54+00:00","og_image":[{"width":1293,"height":727,"url":"https:\/\/www.johnson-metall.com\/wp-content\/uploads\/2020\/04\/Smart-vektorobjekt_76-1.png","type":"image\/png"}],"twitter_card":"summary_large_image","schema":{"@context":"https:\/\/schema.org","@graph":[{"@type":"WebPage","@id":"https:\/\/www.johnson-metall.com\/no\/historie\/","url":"https:\/\/www.johnson-metall.com\/no\/historie\/","name":"Eksperter p\u00e5 bronse siden 1940 - Johnson Metall","isPartOf":{"@id":"https:\/\/www.johnson-metall.com\/#website"},"primaryImageOfPage":{"@id":"https:\/\/www.johnson-metall.com\/no\/historie\/#primaryimage"},"image":{"@id":"https:\/\/www.johnson-metall.com\/no\/historie\/#primaryimage"},"thumbnailUrl":"https:\/\/www.johnson-metall.com\/wp-content\/uploads\/2020\/04\/Smart-vektorobjekt_76-1.png","datePublished":"2021-09-02T06:34:42+00:00","dateModified":"2022-01-24T15:28:54+00:00","description":"Vi har v\u00e6rt eksperter p\u00e5 bronse siden 1940. Fundamentet for v\u00e5r virksomhet er \u00e5 oppfylle dine krav og \u00f8nsker samt punktlige leveranser.","breadcrumb":{"@id":"https:\/\/www.johnson-metall.com\/no\/historie\/#breadcrumb"},"inLanguage":"nb-NO","potentialAction":[{"@type":"ReadAction","target":["https:\/\/www.johnson-metall.com\/no\/historie\/"]}]},{"@type":"ImageObject","inLanguage":"nb-NO","@id":"https:\/\/www.johnson-metall.com\/no\/historie\/#primaryimage","url":"https:\/\/www.johnson-metall.com\/wp-content\/uploads\/2020\/04\/Smart-vektorobjekt_76-1.png","contentUrl":"https:\/\/www.johnson-metall.com\/wp-content\/uploads\/2020\/04\/Smart-vektorobjekt_76-1.png","width":1293,"height":727,"caption":"bronslegeringar"},{"@type":"BreadcrumbList","@id":"https:\/\/www.johnson-metall.com\/no\/historie\/#breadcrumb","itemListElement":[{"@type":"ListItem","position":1,"name":"Hem","item":"https:\/\/www.johnson-metall.com\/no\/"},{"@type":"ListItem","position":2,"name":"Historie"}]},{"@type":"WebSite","@id":"https:\/\/www.johnson-metall.com\/#website","url":"https:\/\/www.johnson-metall.com\/","name":"Johnson Metall","description":"","potentialAction":[{"@type":"SearchAction","target":{"@type":"EntryPoint","urlTemplate":"https:\/\/www.johnson-metall.com\/?s={search_term_string}"},"query-input":{"@type":"PropertyValueSpecification","valueRequired":true,"valueName":"search_term_string"}}],"inLanguage":"nb-NO"}]}},"_links":{"self":[{"href":"https:\/\/www.johnson-metall.com\/no\/wp-json\/wp\/v2\/pages\/3174","targetHints":{"allow":["GET"]}}],"collection":[{"href":"https:\/\/www.johnson-metall.com\/no\/wp-json\/wp\/v2\/pages"}],"about":[{"href":"https:\/\/www.johnson-metall.com\/no\/wp-json\/wp\/v2\/types\/page"}],"author":[{"embeddable":true,"href":"https:\/\/www.johnson-metall.com\/no\/wp-json\/wp\/v2\/users\/1"}],"replies":[{"embeddable":true,"href":"https:\/\/www.johnson-metall.com\/no\/wp-json\/wp\/v2\/comments?post=3174"}],"version-history":[{"count":5,"href":"https:\/\/www.johnson-metall.com\/no\/wp-json\/wp\/v2\/pages\/3174\/revisions"}],"predecessor-version":[{"id":4210,"href":"https:\/\/www.johnson-metall.com\/no\/wp-json\/wp\/v2\/pages\/3174\/revisions\/4210"}],"wp:featuredmedia":[{"embeddable":true,"href":"https:\/\/www.johnson-metall.com\/no\/wp-json\/wp\/v2\/media\/3064"}],"wp:attachment":[{"href":"https:\/\/www.johnson-metall.com\/no\/wp-json\/wp\/v2\/media?parent=3174"}],"curies":[{"name":"wp","href":"https:\/\/api.w.org\/{rel}","templated":true}]}}