{"id":3248,"date":"2021-09-03T13:11:54","date_gmt":"2021-09-03T13:11:54","guid":{"rendered":"https:\/\/www.johnson-metall.com\/?page_id=3248"},"modified":"2025-08-28T15:06:07","modified_gmt":"2025-08-28T15:06:07","slug":"kontakt-oss","status":"publish","type":"page","link":"https:\/\/www.johnson-metall.com\/no\/kontakt-oss\/","title":{"rendered":"Kontakt oss"},"content":{"rendered":"","protected":false},"excerpt":{"rendered":"<p>Kontakt oss gjerne via telefon eller e-post. [&#8230;]<\/p>\n<p><a class=\"btn btn-secondary understrap-read-more-link\" href=\"https:\/\/www.johnson-metall.com\/no\/kontakt-oss\/\">Les mer&#8230;<\/a><\/p>\n","protected":false},"author":1,"featured_media":3249,"parent":0,"menu_order":0,"comment_status":"closed","ping_status":"closed","template":"page-templates\/template-flexible.php","meta":{"_acf_changed":false,"wp_mapbox_gl_js_media":[],"footnotes":""},"class_list":["post-3248","page","type-page","status-publish","has-post-thumbnail","hentry"],"acf":[],"yoast_head":"<!-- This site is optimized with the Yoast SEO plugin v27.1.1 - https:\/\/yoast.com\/product\/yoast-seo-wordpress\/ -->\n<title>Kontakt Johnson Metall<\/title>\n<meta name=\"description\" content=\"Kontakt Johnson Metall. Du er alltid velkommen til \u00e5 kontakte oss med dine sp\u00f8rsm\u00e5l via telefon eller e-post.\" \/>\n<meta name=\"robots\" content=\"index, follow, max-snippet:-1, max-image-preview:large, max-video-preview:-1\" \/>\n<link rel=\"canonical\" href=\"https:\/\/www.johnson-metall.com\/no\/kontakt-oss\/\" \/>\n<meta property=\"og:locale\" content=\"nb_NO\" \/>\n<meta property=\"og:type\" content=\"article\" \/>\n<meta property=\"og:title\" content=\"Kontakt Johnson Metall\" \/>\n<meta property=\"og:description\" content=\"Kontakt Johnson Metall. Du er alltid velkommen til \u00e5 kontakte oss med dine sp\u00f8rsm\u00e5l via telefon eller e-post.\" \/>\n<meta property=\"og:url\" content=\"https:\/\/www.johnson-metall.com\/no\/kontakt-oss\/\" \/>\n<meta property=\"og:site_name\" content=\"Johnson Metall\" \/>\n<meta property=\"article:modified_time\" content=\"2025-08-28T15:06:07+00:00\" \/>\n<meta property=\"og:image\" content=\"https:\/\/www.johnson-metall.com\/wp-content\/uploads\/2020\/05\/DSC_5416-scaled.jpg\" \/>\n\t<meta property=\"og:image:width\" content=\"2560\" \/>\n\t<meta property=\"og:image:height\" content=\"1839\" \/>\n\t<meta property=\"og:image:type\" content=\"image\/jpeg\" \/>\n<meta name=\"twitter:card\" content=\"summary_large_image\" \/>\n<meta name=\"twitter:label1\" content=\"Ansl. lesetid\" \/>\n\t<meta name=\"twitter:data1\" content=\"3 minutter\" \/>\n<script type=\"application\/ld+json\" class=\"yoast-schema-graph\">{\"@context\":\"https:\/\/schema.org\",\"@graph\":[{\"@type\":\"WebPage\",\"@id\":\"https:\/\/www.johnson-metall.com\/no\/kontakt-oss\/\",\"url\":\"https:\/\/www.johnson-metall.com\/no\/kontakt-oss\/\",\"name\":\"Kontakt Johnson Metall\",\"isPartOf\":{\"@id\":\"https:\/\/www.johnson-metall.com\/da\/#website\"},\"primaryImageOfPage\":{\"@id\":\"https:\/\/www.johnson-metall.com\/no\/kontakt-oss\/#primaryimage\"},\"image\":{\"@id\":\"https:\/\/www.johnson-metall.com\/no\/kontakt-oss\/#primaryimage\"},\"thumbnailUrl\":\"https:\/\/www.johnson-metall.com\/wp-content\/uploads\/2020\/05\/DSC_5416-scaled.jpg\",\"datePublished\":\"2021-09-03T13:11:54+00:00\",\"dateModified\":\"2025-08-28T15:06:07+00:00\",\"description\":\"Kontakt Johnson Metall. Du er alltid velkommen til \u00e5 kontakte oss med dine sp\u00f8rsm\u00e5l via telefon eller e-post.\",\"breadcrumb\":{\"@id\":\"https:\/\/www.johnson-metall.com\/no\/kontakt-oss\/#breadcrumb\"},\"inLanguage\":\"nb-NO\",\"potentialAction\":[{\"@type\":\"ReadAction\",\"target\":[\"https:\/\/www.johnson-metall.com\/no\/kontakt-oss\/\"]}]},{\"@type\":\"ImageObject\",\"inLanguage\":\"nb-NO\",\"@id\":\"https:\/\/www.johnson-metall.com\/no\/kontakt-oss\/#primaryimage\",\"url\":\"https:\/\/www.johnson-metall.com\/wp-content\/uploads\/2020\/05\/DSC_5416-scaled.jpg\",\"contentUrl\":\"https:\/\/www.johnson-metall.com\/wp-content\/uploads\/2020\/05\/DSC_5416-scaled.jpg\",\"width\":2560,\"height\":1839},{\"@type\":\"BreadcrumbList\",\"@id\":\"https:\/\/www.johnson-metall.com\/no\/kontakt-oss\/#breadcrumb\",\"itemListElement\":[{\"@type\":\"ListItem\",\"position\":1,\"name\":\"Hem\",\"item\":\"https:\/\/www.johnson-metall.com\/no\/\"},{\"@type\":\"ListItem\",\"position\":2,\"name\":\"Kontakt oss\"}]},{\"@type\":\"WebSite\",\"@id\":\"https:\/\/www.johnson-metall.com\/da\/#website\",\"url\":\"https:\/\/www.johnson-metall.com\/da\/\",\"name\":\"Johnson Metall\",\"description\":\"\",\"potentialAction\":[{\"@type\":\"SearchAction\",\"target\":{\"@type\":\"EntryPoint\",\"urlTemplate\":\"https:\/\/www.johnson-metall.com\/da\/?s={search_term_string}\"},\"query-input\":{\"@type\":\"PropertyValueSpecification\",\"valueRequired\":true,\"valueName\":\"search_term_string\"}}],\"inLanguage\":\"nb-NO\"}]}<\/script>\n<!-- \/ Yoast SEO plugin. -->","yoast_head_json":{"title":"Kontakt Johnson Metall","description":"Kontakt Johnson Metall. Du er alltid velkommen til \u00e5 kontakte oss med dine sp\u00f8rsm\u00e5l via telefon eller e-post.","robots":{"index":"index","follow":"follow","max-snippet":"max-snippet:-1","max-image-preview":"max-image-preview:large","max-video-preview":"max-video-preview:-1"},"canonical":"https:\/\/www.johnson-metall.com\/no\/kontakt-oss\/","og_locale":"nb_NO","og_type":"article","og_title":"Kontakt Johnson Metall","og_description":"Kontakt Johnson Metall. Du er alltid velkommen til \u00e5 kontakte oss med dine sp\u00f8rsm\u00e5l via telefon eller e-post.","og_url":"https:\/\/www.johnson-metall.com\/no\/kontakt-oss\/","og_site_name":"Johnson Metall","article_modified_time":"2025-08-28T15:06:07+00:00","og_image":[{"width":2560,"height":1839,"url":"https:\/\/www.johnson-metall.com\/wp-content\/uploads\/2020\/05\/DSC_5416-scaled.jpg","type":"image\/jpeg"}],"twitter_card":"summary_large_image","twitter_misc":{"Ansl. lesetid":"3 minutter"},"schema":{"@context":"https:\/\/schema.org","@graph":[{"@type":"WebPage","@id":"https:\/\/www.johnson-metall.com\/no\/kontakt-oss\/","url":"https:\/\/www.johnson-metall.com\/no\/kontakt-oss\/","name":"Kontakt Johnson Metall","isPartOf":{"@id":"https:\/\/www.johnson-metall.com\/da\/#website"},"primaryImageOfPage":{"@id":"https:\/\/www.johnson-metall.com\/no\/kontakt-oss\/#primaryimage"},"image":{"@id":"https:\/\/www.johnson-metall.com\/no\/kontakt-oss\/#primaryimage"},"thumbnailUrl":"https:\/\/www.johnson-metall.com\/wp-content\/uploads\/2020\/05\/DSC_5416-scaled.jpg","datePublished":"2021-09-03T13:11:54+00:00","dateModified":"2025-08-28T15:06:07+00:00","description":"Kontakt Johnson Metall. Du er alltid velkommen til \u00e5 kontakte oss med dine sp\u00f8rsm\u00e5l via telefon eller e-post.","breadcrumb":{"@id":"https:\/\/www.johnson-metall.com\/no\/kontakt-oss\/#breadcrumb"},"inLanguage":"nb-NO","potentialAction":[{"@type":"ReadAction","target":["https:\/\/www.johnson-metall.com\/no\/kontakt-oss\/"]}]},{"@type":"ImageObject","inLanguage":"nb-NO","@id":"https:\/\/www.johnson-metall.com\/no\/kontakt-oss\/#primaryimage","url":"https:\/\/www.johnson-metall.com\/wp-content\/uploads\/2020\/05\/DSC_5416-scaled.jpg","contentUrl":"https:\/\/www.johnson-metall.com\/wp-content\/uploads\/2020\/05\/DSC_5416-scaled.jpg","width":2560,"height":1839},{"@type":"BreadcrumbList","@id":"https:\/\/www.johnson-metall.com\/no\/kontakt-oss\/#breadcrumb","itemListElement":[{"@type":"ListItem","position":1,"name":"Hem","item":"https:\/\/www.johnson-metall.com\/no\/"},{"@type":"ListItem","position":2,"name":"Kontakt oss"}]},{"@type":"WebSite","@id":"https:\/\/www.johnson-metall.com\/da\/#website","url":"https:\/\/www.johnson-metall.com\/da\/","name":"Johnson Metall","description":"","potentialAction":[{"@type":"SearchAction","target":{"@type":"EntryPoint","urlTemplate":"https:\/\/www.johnson-metall.com\/da\/?s={search_term_string}"},"query-input":{"@type":"PropertyValueSpecification","valueRequired":true,"valueName":"search_term_string"}}],"inLanguage":"nb-NO"}]}},"_links":{"self":[{"href":"https:\/\/www.johnson-metall.com\/no\/wp-json\/wp\/v2\/pages\/3248","targetHints":{"allow":["GET"]}}],"collection":[{"href":"https:\/\/www.johnson-metall.com\/no\/wp-json\/wp\/v2\/pages"}],"about":[{"href":"https:\/\/www.johnson-metall.com\/no\/wp-json\/wp\/v2\/types\/page"}],"author":[{"embeddable":true,"href":"https:\/\/www.johnson-metall.com\/no\/wp-json\/wp\/v2\/users\/1"}],"replies":[{"embeddable":true,"href":"https:\/\/www.johnson-metall.com\/no\/wp-json\/wp\/v2\/comments?post=3248"}],"version-history":[{"count":10,"href":"https:\/\/www.johnson-metall.com\/no\/wp-json\/wp\/v2\/pages\/3248\/revisions"}],"predecessor-version":[{"id":10369,"href":"https:\/\/www.johnson-metall.com\/no\/wp-json\/wp\/v2\/pages\/3248\/revisions\/10369"}],"wp:featuredmedia":[{"embeddable":true,"href":"https:\/\/www.johnson-metall.com\/no\/wp-json\/wp\/v2\/media\/3249"}],"wp:attachment":[{"href":"https:\/\/www.johnson-metall.com\/no\/wp-json\/wp\/v2\/media?parent=3248"}],"curies":[{"name":"wp","href":"https:\/\/api.w.org\/{rel}","templated":true}]}}